{"id":2,"date":"2024-09-25T17:52:46","date_gmt":"2024-09-25T15:52:46","guid":{"rendered":"http:\/\/buzzerbox.fr\/?page_id=2"},"modified":"2024-09-27T20:43:10","modified_gmt":"2024-09-27T18:43:10","slug":"page-d-exemple","status":"publish","type":"page","link":"https:\/\/buzzerbox.fr\/?page_id=2","title":{"rendered":"BUZZERBOX"},"content":{"rendered":"<p>Buzzerbox est un nouveau syst\u00e8me d&#8217;arbitrage avec buzzers pilot\u00e9s par un Contr\u00f4leur.<\/p><p>Un syst\u00e8me d&#8217;arbitrage permet de s\u00e9lectionner le buzzer le plus rapide, puis de le bloquer si la r\u00e9ponse donn\u00e9e est incorrecte.<\/p><p>BuzzerBox permet de s\u00e9lectionner dans l&#8217;ordre les 5 buzzers le plus rapide :<\/p><figure class=\"wp-block-image aligncenter size-full is-resized is-style-rounded is-style-rounded--1\"><img loading=\"lazy\" decoding=\"async\" width=\"1088\" height=\"800\" src=\"https:\/\/buzzerbox.fr\/wp-content\/uploads\/2024\/09\/3220ECD5-E62D-4087-A098-5849F8B18E71_1_201_a.jpeg\" alt=\"\" class=\"wp-image-49\" style=\"object-fit:cover;width:400px;height:300px\" srcset=\"https:\/\/buzzerbox.fr\/wp-content\/uploads\/2024\/09\/3220ECD5-E62D-4087-A098-5849F8B18E71_1_201_a.jpeg 1088w, https:\/\/buzzerbox.fr\/wp-content\/uploads\/2024\/09\/3220ECD5-E62D-4087-A098-5849F8B18E71_1_201_a-300x221.jpeg 300w, https:\/\/buzzerbox.fr\/wp-content\/uploads\/2024\/09\/3220ECD5-E62D-4087-A098-5849F8B18E71_1_201_a-1024x753.jpeg 1024w, https:\/\/buzzerbox.fr\/wp-content\/uploads\/2024\/09\/3220ECD5-E62D-4087-A098-5849F8B18E71_1_201_a-768x565.jpeg 768w, https:\/\/buzzerbox.fr\/wp-content\/uploads\/2024\/09\/3220ECD5-E62D-4087-A098-5849F8B18E71_1_201_a-600x441.jpeg 600w\" sizes=\"auto, (max-width: 1088px) 100vw, 1088px\" \/><\/figure><p>De 2 \u00e0 32 buzzers rechargeables en USB reli\u00e9s en Radiofr\u00e9quence avec une port\u00e9 de 20m (suffisant pour \u00eatre utilis\u00e9 dans une pi\u00e8ce de 30x30m.<\/p><figure class=\"wp-block-image aligncenter size-large is-resized\"><img loading=\"lazy\" decoding=\"async\" width=\"1024\" height=\"764\" src=\"http:\/\/buzzerbox.fr\/wp-content\/uploads\/2024\/09\/71B6DB17-D95A-4ABE-B42F-319BFA717684_1_201_a-1024x764.jpeg\" alt=\"\" class=\"wp-image-44\" style=\"object-fit:cover;width:400px;height:300px\" srcset=\"https:\/\/buzzerbox.fr\/wp-content\/uploads\/2024\/09\/71B6DB17-D95A-4ABE-B42F-319BFA717684_1_201_a-1024x764.jpeg 1024w, https:\/\/buzzerbox.fr\/wp-content\/uploads\/2024\/09\/71B6DB17-D95A-4ABE-B42F-319BFA717684_1_201_a-300x224.jpeg 300w, https:\/\/buzzerbox.fr\/wp-content\/uploads\/2024\/09\/71B6DB17-D95A-4ABE-B42F-319BFA717684_1_201_a-768x573.jpeg 768w, https:\/\/buzzerbox.fr\/wp-content\/uploads\/2024\/09\/71B6DB17-D95A-4ABE-B42F-319BFA717684_1_201_a-600x447.jpeg 600w, https:\/\/buzzerbox.fr\/wp-content\/uploads\/2024\/09\/71B6DB17-D95A-4ABE-B42F-319BFA717684_1_201_a.jpeg 1184w\" sizes=\"auto, (max-width: 1024px) 100vw, 1024px\" \/><\/figure><figure class=\"wp-block-image aligncenter size-large is-resized\"><img loading=\"lazy\" decoding=\"async\" width=\"1024\" height=\"553\" src=\"http:\/\/buzzerbox.fr\/wp-content\/uploads\/2024\/09\/F9E9CD32-2A73-4162-A2B2-7579DE5AD5DC_1_201_a-1024x553.jpeg\" alt=\"\" class=\"wp-image-47\" style=\"object-fit:cover;width:400px;height:300px\" srcset=\"https:\/\/buzzerbox.fr\/wp-content\/uploads\/2024\/09\/F9E9CD32-2A73-4162-A2B2-7579DE5AD5DC_1_201_a-1024x553.jpeg 1024w, https:\/\/buzzerbox.fr\/wp-content\/uploads\/2024\/09\/F9E9CD32-2A73-4162-A2B2-7579DE5AD5DC_1_201_a-300x162.jpeg 300w, https:\/\/buzzerbox.fr\/wp-content\/uploads\/2024\/09\/F9E9CD32-2A73-4162-A2B2-7579DE5AD5DC_1_201_a-768x415.jpeg 768w, https:\/\/buzzerbox.fr\/wp-content\/uploads\/2024\/09\/F9E9CD32-2A73-4162-A2B2-7579DE5AD5DC_1_201_a-1536x829.jpeg 1536w, https:\/\/buzzerbox.fr\/wp-content\/uploads\/2024\/09\/F9E9CD32-2A73-4162-A2B2-7579DE5AD5DC_1_201_a-600x324.jpeg 600w, https:\/\/buzzerbox.fr\/wp-content\/uploads\/2024\/09\/F9E9CD32-2A73-4162-A2B2-7579DE5AD5DC_1_201_a.jpeg 1867w\" sizes=\"auto, (max-width: 1024px) 100vw, 1024px\" \/><\/figure>","protected":false},"excerpt":{"rendered":"<p>Buzzerbox est un nouveau syst\u00e8me d&#8217;arbitrage avec buzzers pilot\u00e9s par un Contr\u00f4leur. Un syst\u00e8me d&#8217;arbitrage permet de s\u00e9lectionner le buzzer le plus rapide, puis de le bloquer si la r\u00e9ponse donn\u00e9e est incorrecte. BuzzerBox permet de s\u00e9lectionner dans l&#8217;ordre les 5 buzzers le plus rapide : De 2 \u00e0 32 buzzers rechargeables en USB reli\u00e9s [&hellip;]<\/p>\n","protected":false},"author":1,"featured_media":0,"parent":0,"menu_order":0,"comment_status":"closed","ping_status":"open","template":"","meta":{"footnotes":""},"class_list":["post-2","page","type-page","status-publish","hentry"],"_links":{"self":[{"href":"https:\/\/buzzerbox.fr\/index.php?rest_route=\/wp\/v2\/pages\/2","targetHints":{"allow":["GET"]}}],"collection":[{"href":"https:\/\/buzzerbox.fr\/index.php?rest_route=\/wp\/v2\/pages"}],"about":[{"href":"https:\/\/buzzerbox.fr\/index.php?rest_route=\/wp\/v2\/types\/page"}],"author":[{"embeddable":true,"href":"https:\/\/buzzerbox.fr\/index.php?rest_route=\/wp\/v2\/users\/1"}],"replies":[{"embeddable":true,"href":"https:\/\/buzzerbox.fr\/index.php?rest_route=%2Fwp%2Fv2%2Fcomments&post=2"}],"version-history":[{"count":6,"href":"https:\/\/buzzerbox.fr\/index.php?rest_route=\/wp\/v2\/pages\/2\/revisions"}],"predecessor-version":[{"id":92,"href":"https:\/\/buzzerbox.fr\/index.php?rest_route=\/wp\/v2\/pages\/2\/revisions\/92"}],"wp:attachment":[{"href":"https:\/\/buzzerbox.fr\/index.php?rest_route=%2Fwp%2Fv2%2Fmedia&parent=2"}],"curies":[{"name":"wp","href":"https:\/\/api.w.org\/{rel}","templated":true}]}}